{"id":140,"date":"2023-12-06T16:13:40","date_gmt":"2023-12-06T19:13:40","guid":{"rendered":"https:\/\/sanjuaninnovase.com.ar\/?page_id=140"},"modified":"2023-12-22T14:06:59","modified_gmt":"2023-12-22T17:06:59","slug":"servicios-de-inclusion-digital-2","status":"publish","type":"page","link":"https:\/\/sanjuaninnovase.com.ar\/?page_id=140","title":{"rendered":"Servicios de Inclusi\u00f3n Digital"},"content":{"rendered":"<p>[et_pb_section fb_built=&#8221;1&#8243; _builder_version=&#8221;4.23.1&#8243; _module_preset=&#8221;default&#8221; background_color=&#8221;rgba(0,0,0,0.5)&#8221; background_image=&#8221;https:\/\/sanjuaninnovase.com.ar\/wp-content\/uploads\/2023\/12\/Servicios-de-Inclusion-Digital.jpeg&#8221; background_blend=&#8221;multiply&#8221; global_colors_info=&#8221;{}&#8221; theme_builder_area=&#8221;post_content&#8221;][et_pb_row column_structure=&#8221;3_5,2_5&#8243; _builder_version=&#8221;4.23.1&#8243; _module_preset=&#8221;default&#8221; global_colors_info=&#8221;{}&#8221; theme_builder_area=&#8221;post_content&#8221;][et_pb_column type=&#8221;3_5&#8243; _builder_version=&#8221;4.23.1&#8243; _module_preset=&#8221;default&#8221; global_colors_info=&#8221;{}&#8221; theme_builder_area=&#8221;post_content&#8221;][et_pb_text _builder_version=&#8221;4.23.1&#8243; _module_preset=&#8221;default&#8221; header_font=&#8221;Cairo|800||on|||||&#8221; header_text_align=&#8221;left&#8221; header_text_color=&#8221;#FFFFFF&#8221; header_font_size=&#8221;80px&#8221; global_colors_info=&#8221;{}&#8221; theme_builder_area=&#8221;post_content&#8221;]<\/p>\n<h1>Servicios de<br \/>Inclusi\u00f3n digital<\/h1>\n<p>[\/et_pb_text][\/et_pb_column][et_pb_column type=&#8221;2_5&#8243; _builder_version=&#8221;4.23.1&#8243; _module_preset=&#8221;default&#8221; global_colors_info=&#8221;{}&#8221; theme_builder_area=&#8221;post_content&#8221;][\/et_pb_column][\/et_pb_row][\/et_pb_section][et_pb_section fb_built=&#8221;1&#8243; _builder_version=&#8221;4.23.1&#8243; _module_preset=&#8221;default&#8221; background_color=&#8221;#f7f7f7&#8243; global_colors_info=&#8221;{}&#8221; theme_builder_area=&#8221;post_content&#8221;][et_pb_row column_structure=&#8221;1_5,3_5,1_5&#8243; _builder_version=&#8221;4.23.1&#8243; _module_preset=&#8221;default&#8221; custom_padding=&#8221;0px||10px||false|false&#8221; global_colors_info=&#8221;{}&#8221; theme_builder_area=&#8221;post_content&#8221;][et_pb_column type=&#8221;1_5&#8243; _builder_version=&#8221;4.23.1&#8243; _module_preset=&#8221;default&#8221; global_colors_info=&#8221;{}&#8221; theme_builder_area=&#8221;post_content&#8221;][\/et_pb_column][et_pb_column type=&#8221;3_5&#8243; _builder_version=&#8221;4.23.1&#8243; _module_preset=&#8221;default&#8221; global_colors_info=&#8221;{}&#8221; theme_builder_area=&#8221;post_content&#8221;][et_pb_text _builder_version=&#8221;4.23.1&#8243; _module_preset=&#8221;default&#8221; header_2_font=&#8221;Cairo|700|||||||&#8221; header_2_text_color=&#8221;#991b28&#8243; custom_margin=&#8221;||0px||false|false&#8221; custom_padding=&#8221;||||false|false&#8221; global_colors_info=&#8221;{}&#8221; theme_builder_area=&#8221;post_content&#8221;]<\/p>\n<h2>Servicios<\/h2>\n<p>[\/et_pb_text][et_pb_divider divider_weight=&#8221;2px&#8221; _builder_version=&#8221;4.23.1&#8243; _module_preset=&#8221;default&#8221; width=&#8221;20%&#8221; custom_margin=&#8221;||0px||false|false&#8221; global_colors_info=&#8221;{}&#8221; theme_builder_area=&#8221;post_content&#8221;][\/et_pb_divider][et_pb_text _builder_version=&#8221;4.23.1&#8243; _module_preset=&#8221;default&#8221; text_font_size=&#8221;16px&#8221; global_colors_info=&#8221;{}&#8221; theme_builder_area=&#8221;post_content&#8221;]<\/p>\n<ul>\n<li>Brindamos servicios gratuitos de Internet de alta velocidad en espacios p\u00fablicos de gran concurrencia, facilitando el acceso a Internet para el desarrollo de m\u00faltiples actividades sociales, educativas, deportivas, de esparcimiento y de peque\u00f1as econom\u00edas.<\/li>\n<li>Brindamos servicios de Internet en zonas de dif\u00edcil acceso para facilitar el acceso a Internet y generar igualdad de oportunidades.<\/li>\n<li>Proveemos servicios de Internet de alta velocidad en todas las escuelas p\u00fablicas de la provincia, para brindar igualdad de oportunidades de acceso al conocimiento.<\/li>\n<li>Proveemos servicios de Internet de alta velocidad en todos los establecimientos de salud de la Provincia de San Juan, facilitando el flujo de informaci\u00f3n entre la instituci\u00f3n, los profesionales m\u00e9dicos y los pacientes, posibilitando el acceso a la telemedicina.<\/li>\n<li>Proveemos servicios de Internet de alta velocidad a todos los establecimientos de seguridad para sumar los avances tecnol\u00f3gicos y nuevas e innovadoras formas de utilizar la tecnolog\u00eda en beneficio de la seguridad ciudadana.<\/li>\n<li>Promocionamos del desarrollo de proyectos innovadores, asesorando y asistiendo en la formulaci\u00f3n de los mismos, fomentando la investigaci\u00f3n y el desarrollo, as\u00ed como la transmisi\u00f3n de tecnolog\u00eda y asistencia t\u00e9cnica.<\/li>\n<\/ul>\n<p>[\/et_pb_text][et_pb_divider _builder_version=&#8221;4.23.1&#8243; _module_preset=&#8221;default&#8221; global_colors_info=&#8221;{}&#8221; theme_builder_area=&#8221;post_content&#8221;][\/et_pb_divider][et_pb_text _builder_version=&#8221;4.23.1&#8243; _module_preset=&#8221;default&#8221; header_2_font=&#8221;Cairo|700|||||||&#8221; header_2_text_color=&#8221;#991b28&#8243; custom_margin=&#8221;||0px||false|false&#8221; custom_padding=&#8221;||||false|false&#8221; global_colors_info=&#8221;{}&#8221; theme_builder_area=&#8221;post_content&#8221;]<\/p>\n<h2>Obras y Proyectos<\/h2>\n<p>[\/et_pb_text][et_pb_divider divider_weight=&#8221;2px&#8221; _builder_version=&#8221;4.23.1&#8243; _module_preset=&#8221;default&#8221; width=&#8221;20%&#8221; custom_margin=&#8221;||0px||false|false&#8221; global_colors_info=&#8221;{}&#8221; theme_builder_area=&#8221;post_content&#8221;][\/et_pb_divider][et_pb_text _builder_version=&#8221;4.23.1&#8243; _module_preset=&#8221;default&#8221; text_font_size=&#8221;16px&#8221; global_colors_info=&#8221;{}&#8221; theme_builder_area=&#8221;post_content&#8221;]<\/p>\n<ul>\n<li>\n<p>Estamos adquiriendo equipamiento, licencias y capacitaciones para proveer servicios de Internet de alta velocidad en 29 espacios p\u00fablicos de los 19 departamentos provinciales.<\/p>\n<\/li>\n<li>\n<p>Estamos en de proceso de adquisici\u00f3n de infraestructura y equipamiento para proveer servicios de Internet en todas las escuelas, instituciones de salud y de seguridad de la provincia de San Juan.<\/p>\n<\/li>\n<li>\n<p>Estamos gestionando el acceso a programas nacionales de aportes no reembolsables para apoyar el desarrollo y formulaci\u00f3n de proyectos de innovaci\u00f3n tecnol\u00f3gica en el sector privado.<\/p>\n<\/li>\n<\/ul>\n<p>[\/et_pb_text][\/et_pb_column][et_pb_column type=&#8221;1_5&#8243; _builder_version=&#8221;4.23.1&#8243; _module_preset=&#8221;default&#8221; global_colors_info=&#8221;{}&#8221; theme_builder_area=&#8221;post_content&#8221;][\/et_pb_column][\/et_pb_row][\/et_pb_section]<\/p>\n","protected":false},"excerpt":{"rendered":"<p>Servicios deInclusi\u00f3n digitalServicios Brindamos servicios gratuitos de Internet de alta velocidad en espacios p\u00fablicos de gran concurrencia, facilitando el acceso a Internet para el desarrollo de m\u00faltiples actividades sociales, educativas, deportivas, de esparcimiento y de peque\u00f1as econom\u00edas. Brindamos servicios de Internet en zonas de dif\u00edcil acceso para facilitar el acceso a Internet y generar igualdad [&hellip;]<\/p>\n","protected":false},"author":1,"featured_media":0,"parent":0,"menu_order":0,"comment_status":"closed","ping_status":"closed","template":"","meta":{"_acf_changed":false,"_et_pb_use_builder":"on","_et_pb_old_content":"","_et_gb_content_width":"","footnotes":""},"class_list":["post-140","page","type-page","status-publish","hentry"],"acf":[],"yoast_head":"<!-- This site is optimized with the Yoast SEO plugin v22.4 - https:\/\/yoast.com\/wordpress\/plugins\/seo\/ -->\n<title>Servicios de Inclusi\u00f3n Digital - SAN JUAN INNOVA<\/title>\n<meta name=\"robots\" content=\"index, follow, max-snippet:-1, max-image-preview:large, max-video-preview:-1\" \/>\n<link rel=\"canonical\" href=\"https:\/\/sanjuaninnovase.com.ar\/?page_id=140\" \/>\n<meta property=\"og:locale\" content=\"es_ES\" \/>\n<meta property=\"og:type\" content=\"article\" \/>\n<meta property=\"og:title\" content=\"Servicios de Inclusi\u00f3n Digital - SAN JUAN INNOVA\" \/>\n<meta property=\"og:description\" content=\"Servicios deInclusi\u00f3n digitalServicios Brindamos servicios gratuitos de Internet de alta velocidad en espacios p\u00fablicos de gran concurrencia, facilitando el acceso a Internet para el desarrollo de m\u00faltiples actividades sociales, educativas, deportivas, de esparcimiento y de peque\u00f1as econom\u00edas. Brindamos servicios de Internet en zonas de dif\u00edcil acceso para facilitar el acceso a Internet y generar igualdad [&hellip;]\" \/>\n<meta property=\"og:url\" content=\"https:\/\/sanjuaninnovase.com.ar\/?page_id=140\" \/>\n<meta property=\"og:site_name\" content=\"SAN JUAN INNOVA\" \/>\n<meta property=\"article:modified_time\" content=\"2023-12-22T17:06:59+00:00\" \/>\n<meta name=\"twitter:card\" content=\"summary_large_image\" \/>\n<script type=\"application\/ld+json\" class=\"yoast-schema-graph\">{\"@context\":\"https:\/\/schema.org\",\"@graph\":[{\"@type\":\"WebPage\",\"@id\":\"https:\/\/sanjuaninnovase.com.ar\/?page_id=140\",\"url\":\"https:\/\/sanjuaninnovase.com.ar\/?page_id=140\",\"name\":\"Servicios de Inclusi\u00f3n Digital - SAN JUAN INNOVA\",\"isPartOf\":{\"@id\":\"https:\/\/sanjuaninnovase.com.ar\/#website\"},\"datePublished\":\"2023-12-06T19:13:40+00:00\",\"dateModified\":\"2023-12-22T17:06:59+00:00\",\"breadcrumb\":{\"@id\":\"https:\/\/sanjuaninnovase.com.ar\/?page_id=140#breadcrumb\"},\"inLanguage\":\"es-AR\",\"potentialAction\":[{\"@type\":\"ReadAction\",\"target\":[\"https:\/\/sanjuaninnovase.com.ar\/?page_id=140\"]}]},{\"@type\":\"BreadcrumbList\",\"@id\":\"https:\/\/sanjuaninnovase.com.ar\/?page_id=140#breadcrumb\",\"itemListElement\":[{\"@type\":\"ListItem\",\"position\":1,\"name\":\"Inicio\",\"item\":\"https:\/\/sanjuaninnovase.com.ar\/\"},{\"@type\":\"ListItem\",\"position\":2,\"name\":\"Servicios de Inclusi\u00f3n Digital\"}]},{\"@type\":\"WebSite\",\"@id\":\"https:\/\/sanjuaninnovase.com.ar\/#website\",\"url\":\"https:\/\/sanjuaninnovase.com.ar\/\",\"name\":\"SAN JUAN INNOVA - SOCIEDAD DEL ESTADO\",\"description\":\"Sociedad del Estado\",\"publisher\":{\"@id\":\"https:\/\/sanjuaninnovase.com.ar\/#organization\"},\"potentialAction\":[{\"@type\":\"SearchAction\",\"target\":{\"@type\":\"EntryPoint\",\"urlTemplate\":\"https:\/\/sanjuaninnovase.com.ar\/?s={search_term_string}\"},\"query-input\":\"required name=search_term_string\"}],\"inLanguage\":\"es-AR\"},{\"@type\":\"Organization\",\"@id\":\"https:\/\/sanjuaninnovase.com.ar\/#organization\",\"name\":\"SAN JUAN INNOVA - SOCIEDAD DEL ESTADO\",\"url\":\"https:\/\/sanjuaninnovase.com.ar\/\",\"logo\":{\"@type\":\"ImageObject\",\"inLanguage\":\"es-AR\",\"@id\":\"https:\/\/sanjuaninnovase.com.ar\/#\/schema\/logo\/image\/\",\"url\":\"https:\/\/sanjuaninnovase.com.ar\/wp-content\/uploads\/2023\/11\/Logo-San-Juan-INNOVA-color.png\",\"contentUrl\":\"https:\/\/sanjuaninnovase.com.ar\/wp-content\/uploads\/2023\/11\/Logo-San-Juan-INNOVA-color.png\",\"width\":499,\"height\":243,\"caption\":\"SAN JUAN INNOVA - SOCIEDAD DEL ESTADO\"},\"image\":{\"@id\":\"https:\/\/sanjuaninnovase.com.ar\/#\/schema\/logo\/image\/\"}}]}<\/script>\n<!-- \/ Yoast SEO plugin. -->","yoast_head_json":{"title":"Servicios de Inclusi\u00f3n Digital - SAN JUAN INNOVA","robots":{"index":"index","follow":"follow","max-snippet":"max-snippet:-1","max-image-preview":"max-image-preview:large","max-video-preview":"max-video-preview:-1"},"canonical":"https:\/\/sanjuaninnovase.com.ar\/?page_id=140","og_locale":"es_ES","og_type":"article","og_title":"Servicios de Inclusi\u00f3n Digital - SAN JUAN INNOVA","og_description":"Servicios deInclusi\u00f3n digitalServicios Brindamos servicios gratuitos de Internet de alta velocidad en espacios p\u00fablicos de gran concurrencia, facilitando el acceso a Internet para el desarrollo de m\u00faltiples actividades sociales, educativas, deportivas, de esparcimiento y de peque\u00f1as econom\u00edas. Brindamos servicios de Internet en zonas de dif\u00edcil acceso para facilitar el acceso a Internet y generar igualdad [&hellip;]","og_url":"https:\/\/sanjuaninnovase.com.ar\/?page_id=140","og_site_name":"SAN JUAN INNOVA","article_modified_time":"2023-12-22T17:06:59+00:00","twitter_card":"summary_large_image","schema":{"@context":"https:\/\/schema.org","@graph":[{"@type":"WebPage","@id":"https:\/\/sanjuaninnovase.com.ar\/?page_id=140","url":"https:\/\/sanjuaninnovase.com.ar\/?page_id=140","name":"Servicios de Inclusi\u00f3n Digital - SAN JUAN INNOVA","isPartOf":{"@id":"https:\/\/sanjuaninnovase.com.ar\/#website"},"datePublished":"2023-12-06T19:13:40+00:00","dateModified":"2023-12-22T17:06:59+00:00","breadcrumb":{"@id":"https:\/\/sanjuaninnovase.com.ar\/?page_id=140#breadcrumb"},"inLanguage":"es-AR","potentialAction":[{"@type":"ReadAction","target":["https:\/\/sanjuaninnovase.com.ar\/?page_id=140"]}]},{"@type":"BreadcrumbList","@id":"https:\/\/sanjuaninnovase.com.ar\/?page_id=140#breadcrumb","itemListElement":[{"@type":"ListItem","position":1,"name":"Inicio","item":"https:\/\/sanjuaninnovase.com.ar\/"},{"@type":"ListItem","position":2,"name":"Servicios de Inclusi\u00f3n Digital"}]},{"@type":"WebSite","@id":"https:\/\/sanjuaninnovase.com.ar\/#website","url":"https:\/\/sanjuaninnovase.com.ar\/","name":"SAN JUAN INNOVA - SOCIEDAD DEL ESTADO","description":"Sociedad del Estado","publisher":{"@id":"https:\/\/sanjuaninnovase.com.ar\/#organization"},"potentialAction":[{"@type":"SearchAction","target":{"@type":"EntryPoint","urlTemplate":"https:\/\/sanjuaninnovase.com.ar\/?s={search_term_string}"},"query-input":"required name=search_term_string"}],"inLanguage":"es-AR"},{"@type":"Organization","@id":"https:\/\/sanjuaninnovase.com.ar\/#organization","name":"SAN JUAN INNOVA - SOCIEDAD DEL ESTADO","url":"https:\/\/sanjuaninnovase.com.ar\/","logo":{"@type":"ImageObject","inLanguage":"es-AR","@id":"https:\/\/sanjuaninnovase.com.ar\/#\/schema\/logo\/image\/","url":"https:\/\/sanjuaninnovase.com.ar\/wp-content\/uploads\/2023\/11\/Logo-San-Juan-INNOVA-color.png","contentUrl":"https:\/\/sanjuaninnovase.com.ar\/wp-content\/uploads\/2023\/11\/Logo-San-Juan-INNOVA-color.png","width":499,"height":243,"caption":"SAN JUAN INNOVA - SOCIEDAD DEL ESTADO"},"image":{"@id":"https:\/\/sanjuaninnovase.com.ar\/#\/schema\/logo\/image\/"}}]}},"_links":{"self":[{"href":"https:\/\/sanjuaninnovase.com.ar\/index.php?rest_route=\/wp\/v2\/pages\/140","targetHints":{"allow":["GET"]}}],"collection":[{"href":"https:\/\/sanjuaninnovase.com.ar\/index.php?rest_route=\/wp\/v2\/pages"}],"about":[{"href":"https:\/\/sanjuaninnovase.com.ar\/index.php?rest_route=\/wp\/v2\/types\/page"}],"author":[{"embeddable":true,"href":"https:\/\/sanjuaninnovase.com.ar\/index.php?rest_route=\/wp\/v2\/users\/1"}],"replies":[{"embeddable":true,"href":"https:\/\/sanjuaninnovase.com.ar\/index.php?rest_route=%2Fwp%2Fv2%2Fcomments&post=140"}],"version-history":[{"count":2,"href":"https:\/\/sanjuaninnovase.com.ar\/index.php?rest_route=\/wp\/v2\/pages\/140\/revisions"}],"predecessor-version":[{"id":142,"href":"https:\/\/sanjuaninnovase.com.ar\/index.php?rest_route=\/wp\/v2\/pages\/140\/revisions\/142"}],"wp:attachment":[{"href":"https:\/\/sanjuaninnovase.com.ar\/index.php?rest_route=%2Fwp%2Fv2%2Fmedia&parent=140"}],"curies":[{"name":"wp","href":"https:\/\/api.w.org\/{rel}","templated":true}]}}