{"id":128,"date":"2023-12-06T16:11:47","date_gmt":"2023-12-06T19:11:47","guid":{"rendered":"https:\/\/sanjuaninnovase.com.ar\/?page_id=128"},"modified":"2025-09-15T22:19:47","modified_gmt":"2025-09-16T01:19:47","slug":"institucional-2","status":"publish","type":"page","link":"https:\/\/sanjuaninnovase.com.ar\/?page_id=128","title":{"rendered":"Institucional"},"content":{"rendered":"<p>[et_pb_section fb_built=&#8221;1&#8243; _builder_version=&#8221;4.27.4&#8243; _module_preset=&#8221;default&#8221; background_color=&#8221;rgba(0,0,0,0.5)&#8221; background_image=&#8221;https:\/\/sanjuaninnovase.com.ar\/wp-content\/uploads\/2023\/12\/portada-san-juan-innova-foto-aerea-san-juan.jpg&#8221; background_position=&#8221;top_center&#8221; background_blend=&#8221;multiply&#8221; global_colors_info=&#8221;{}&#8221;][et_pb_row column_structure=&#8221;3_5,2_5&#8243; _builder_version=&#8221;4.27.4&#8243; _module_preset=&#8221;default&#8221; global_colors_info=&#8221;{}&#8221;][et_pb_column type=&#8221;3_5&#8243; _builder_version=&#8221;4.23.1&#8243; _module_preset=&#8221;default&#8221; global_colors_info=&#8221;{}&#8221;][et_pb_text _builder_version=&#8221;4.27.4&#8243; _module_preset=&#8221;default&#8221; header_font=&#8221;Cairo|800||on|||||&#8221; header_text_align=&#8221;left&#8221; header_text_color=&#8221;#FFFFFF&#8221; header_font_size=&#8221;70px&#8221; header_font_size_tablet=&#8221;70px&#8221; header_font_size_phone=&#8221;42px&#8221; header_font_size_last_edited=&#8221;on|phone&#8221; global_colors_info=&#8221;{}&#8221;]<\/p>\n<h1>Institucional<\/h1>\n<p>[\/et_pb_text][\/et_pb_column][et_pb_column type=&#8221;2_5&#8243; _builder_version=&#8221;4.23.1&#8243; _module_preset=&#8221;default&#8221; global_colors_info=&#8221;{}&#8221;][\/et_pb_column][\/et_pb_row][\/et_pb_section][et_pb_section fb_built=&#8221;1&#8243; _builder_version=&#8221;4.27.4&#8243; _module_preset=&#8221;default&#8221; custom_padding=&#8221;150px||||false|false&#8221; global_colors_info=&#8221;{}&#8221;][et_pb_row column_structure=&#8221;1_2,1_2&#8243; _builder_version=&#8221;4.27.4&#8243; _module_preset=&#8221;default&#8221; custom_padding=&#8221;0px||||false|false&#8221; global_colors_info=&#8221;{}&#8221;][et_pb_column type=&#8221;1_2&#8243; _builder_version=&#8221;4.23.1&#8243; _module_preset=&#8221;default&#8221; global_colors_info=&#8221;{}&#8221;][et_pb_text _builder_version=&#8221;4.23.1&#8243; _module_preset=&#8221;default&#8221; header_2_font=&#8221;Cairo|700||on|||||&#8221; header_2_text_color=&#8221;#991b28&#8243; custom_margin=&#8221;||0px||false|false&#8221; custom_padding=&#8221;||||false|false&#8221; global_colors_info=&#8221;{}&#8221;]<\/p>\n<h2>La Empresa<\/h2>\n<p>[\/et_pb_text][et_pb_divider divider_weight=&#8221;2px&#8221; _builder_version=&#8221;4.23.1&#8243; _module_preset=&#8221;default&#8221; width=&#8221;20%&#8221; custom_margin=&#8221;||0px||false|false&#8221; custom_padding=&#8221;||||false|false&#8221; global_colors_info=&#8221;{}&#8221;][\/et_pb_divider][et_pb_text _builder_version=&#8221;4.23.1&#8243; _module_preset=&#8221;default&#8221; global_colors_info=&#8221;{}&#8221;]<\/p>\n<p>SAN JUAN INNOVA S.E. es la empresa provincial de tecnolog\u00eda y telecomunicaciones. Creada por ley 2269-A Se rige por la Ley Nacional N\u00b0 20705; Ley de Sociedades N\u00b0 19550 (t.o.1984) y sus modificatorias; por lo dispuesto en la ley provincial y en su Estatuto Social.<\/p>\n<p>Objeto: promover la <strong>conectividad<\/strong>, la <strong>inclusi\u00f3n<\/strong> <strong>digital<\/strong> de todos los habitantes de la Provincia de San Juan, desarrollando las actividades previstas en el art\u00edculo 4\u00ba de su Estatuto. Con vistas a un crecimiento de econom\u00edas locales y mayor cobertura de internet en toda la provincia.<\/p>\n<p>[\/et_pb_text][\/et_pb_column][et_pb_column type=&#8221;1_2&#8243; _builder_version=&#8221;4.23.1&#8243; _module_preset=&#8221;default&#8221; global_colors_info=&#8221;{}&#8221;][et_pb_text _builder_version=&#8221;4.23.1&#8243; _module_preset=&#8221;default&#8221; text_font=&#8221;Open Sans|700|||||||&#8221; text_text_color=&#8221;#b11d20&#8243; text_font_size=&#8221;18px&#8221; text_orientation=&#8221;center&#8221; global_colors_info=&#8221;{}&#8221;]<\/p>\n<p>Descargables<\/p>\n<p>[\/et_pb_text][et_pb_button button_text=&#8221;Ley Provincial 2269-A&#8221; button_alignment=&#8221;center&#8221; _builder_version=&#8221;4.23.1&#8243; _module_preset=&#8221;default&#8221; custom_button=&#8221;on&#8221; button_font=&#8221;|700|||||||&#8221; global_colors_info=&#8221;{}&#8221;][\/et_pb_button][et_pb_button button_text=&#8221;Ley Nacional N\u00b0 20705&#8243; button_alignment=&#8221;center&#8221; _builder_version=&#8221;4.23.1&#8243; _module_preset=&#8221;default&#8221; custom_button=&#8221;on&#8221; button_font=&#8221;|700|||||||&#8221; global_colors_info=&#8221;{}&#8221;][\/et_pb_button][et_pb_button button_text=&#8221;Ley Nacional N\u00b0 19550&#8243; button_alignment=&#8221;center&#8221; _builder_version=&#8221;4.23.1&#8243; _module_preset=&#8221;default&#8221; custom_button=&#8221;on&#8221; button_font=&#8221;|700|||||||&#8221; global_colors_info=&#8221;{}&#8221;][\/et_pb_button][\/et_pb_column][\/et_pb_row][\/et_pb_section][et_pb_section fb_built=&#8221;1&#8243; _builder_version=&#8221;4.27.4&#8243; _module_preset=&#8221;default&#8221; global_colors_info=&#8221;{}&#8221;][et_pb_row column_structure=&#8221;1_3,2_3&#8243; _builder_version=&#8221;4.27.4&#8243; _module_preset=&#8221;default&#8221; global_colors_info=&#8221;{}&#8221;][et_pb_column type=&#8221;1_3&#8243; _builder_version=&#8221;4.23.1&#8243; _module_preset=&#8221;default&#8221; global_colors_info=&#8221;{}&#8221;][\/et_pb_column][et_pb_column type=&#8221;2_3&#8243; _builder_version=&#8221;4.23.1&#8243; _module_preset=&#8221;default&#8221; global_colors_info=&#8221;{}&#8221;][et_pb_text _builder_version=&#8221;4.23.1&#8243; _module_preset=&#8221;default&#8221; header_2_text_color=&#8221;#991b28&#8243; header_2_font_size=&#8221;30px&#8221; custom_margin=&#8221;||10px||false|false&#8221; global_colors_info=&#8221;{}&#8221;]<\/p>\n<h2>Visi\u00f3n<\/h2>\n<div class=\"et_pb_module et_pb_text et_pb_text_5  et_pb_text_align_left et_pb_bg_layout_light\">\n<div class=\"et_pb_text_inner\">\n<p>Facilitar el camino para que San Juan sea una de las provincias argentinas mejor conectadas.<\/p>\n<\/div>\n<\/div>\n<p>[\/et_pb_text][et_pb_divider color=&#8221;#dddddd&#8221; _builder_version=&#8221;4.23.1&#8243; _module_preset=&#8221;default&#8221; custom_margin=&#8221;||0px||false|false&#8221; global_colors_info=&#8221;{}&#8221;][\/et_pb_divider][et_pb_text _builder_version=&#8221;4.23.1&#8243; _module_preset=&#8221;default&#8221; header_2_text_color=&#8221;#991b28&#8243; header_2_font_size=&#8221;30px&#8221; custom_margin=&#8221;||10px||false|false&#8221; global_colors_info=&#8221;{}&#8221;]<\/p>\n<h2>Misi\u00f3n<\/h2>\n<div class=\"et_pb_module et_pb_text et_pb_text_5  et_pb_text_align_left et_pb_bg_layout_light\">\n<div class=\"et_pb_text_inner\">\n<p>Maximizar la estrategia p\u00fablico-privada para posibilitar un proceso de inversi\u00f3n sostenible que permita llevar conectividad de calidad a toda la poblaci\u00f3n de la Provincia de San Juan, para:<\/p>\n<\/div>\n<\/div>\n<p>[\/et_pb_text][et_pb_text _builder_version=&#8221;4.23.1&#8243; _module_preset=&#8221;default&#8221; text_font=&#8221;Cairo||||||||&#8221; text_text_color=&#8221;#991b28&#8243; text_font_size=&#8221;18px&#8221; global_colors_info=&#8221;{}&#8221;]<\/p>\n<ul>\n<li>Promover el desarrollo de econom\u00edas locales y la industria del conocimiento.<\/li>\n<li>Impulsar la adopci\u00f3n de los avances tecnol\u00f3gicos en los sectores productivos buscando mayor eficiencia.<\/li>\n<li>Propiciar una cultura digital dentro del estado provincial que mejore la calidad de los servicios brindados al ciudadano.<\/li>\n<\/ul>\n<p>[\/et_pb_text][\/et_pb_column][\/et_pb_row][et_pb_row _builder_version=&#8221;4.27.4&#8243; _module_preset=&#8221;default&#8221; global_colors_info=&#8221;{}&#8221;][et_pb_column type=&#8221;4_4&#8243; _builder_version=&#8221;4.27.4&#8243; _module_preset=&#8221;default&#8221; global_colors_info=&#8221;{}&#8221;][et_pb_divider _builder_version=&#8221;4.27.4&#8243; _module_preset=&#8221;default&#8221; global_colors_info=&#8221;{}&#8221;][\/et_pb_divider][\/et_pb_column][\/et_pb_row][et_pb_row _builder_version=&#8221;4.27.4&#8243; _module_preset=&#8221;default&#8221; global_colors_info=&#8221;{}&#8221;][et_pb_column type=&#8221;4_4&#8243; _builder_version=&#8221;4.27.4&#8243; _module_preset=&#8221;default&#8221; global_colors_info=&#8221;{}&#8221;][et_pb_heading title=&#8221;Directivos&#8221; _builder_version=&#8221;4.27.4&#8243; _module_preset=&#8221;default&#8221; title_font=&#8221;&#8211;et_global_heading_font|||on|||||&#8221; title_text_align=&#8221;center&#8221; title_text_color=&#8221;#991b28&#8243; title_font_size=&#8221;40px&#8221; background_color=&#8221;#FFFFFF&#8221; title_text_color_tablet=&#8221;#991b28&#8243; title_text_color_phone=&#8221;#991b28&#8243; title_text_color_last_edited=&#8221;on|desktop&#8221; global_colors_info=&#8221;{}&#8221;][\/et_pb_heading][\/et_pb_column][\/et_pb_row][et_pb_row _builder_version=&#8221;4.27.4&#8243; _module_preset=&#8221;default&#8221; global_colors_info=&#8221;{}&#8221;][et_pb_column type=&#8221;4_4&#8243; _builder_version=&#8221;4.27.4&#8243; _module_preset=&#8221;default&#8221; global_colors_info=&#8221;{}&#8221;][et_pb_team_member name=&#8221;Patricio Gutierrez&#8221; position=&#8221;Presidente&#8221; image_url=&#8221;https:\/\/sanjuaninnovase.com.ar\/wp-content\/uploads\/2025\/03\/Patricio-Gutierrez_Presidente_01.jpg&#8221; _builder_version=&#8221;4.27.4&#8243; _module_preset=&#8221;default&#8221; header_text_color=&#8221;#991b28&#8243; header_font_size=&#8221;31px&#8221; position_font_size=&#8221;27px&#8221; position_font_size_tablet=&#8221;27px&#8221; position_font_size_phone=&#8221;27px&#8221; position_font_size_last_edited=&#8221;on|desktop&#8221; border_width_all_image=&#8221;36px&#8221; border_color_all_image=&#8221;#FFFFFF&#8221; border_width_top_image=&#8221;0px&#8221; locked=&#8221;off&#8221; global_colors_info=&#8221;{}&#8221;][\/et_pb_team_member][et_pb_divider _builder_version=&#8221;4.27.4&#8243; _module_preset=&#8221;default&#8221; global_colors_info=&#8221;{}&#8221;][\/et_pb_divider][\/et_pb_column][\/et_pb_row][et_pb_row _builder_version=&#8221;4.27.4&#8243; _module_preset=&#8221;default&#8221; global_colors_info=&#8221;{}&#8221;][et_pb_column type=&#8221;4_4&#8243; _builder_version=&#8221;4.27.4&#8243; _module_preset=&#8221;default&#8221; global_colors_info=&#8221;{}&#8221;][et_pb_team_member name=&#8221;Mauricio Aubone &#8221; position=&#8221;Director&#8221; image_url=&#8221;https:\/\/sanjuaninnovase.com.ar\/wp-content\/uploads\/2025\/03\/Mauricio-Aubone_Director_01.jpg&#8221; _builder_version=&#8221;4.27.4&#8243; _module_preset=&#8221;default&#8221; header_text_color=&#8221;#991b28&#8243; header_font_size=&#8221;31px&#8221; position_font_size=&#8221;27px&#8221; border_width_all_image=&#8221;36px&#8221; border_color_all_image=&#8221;#ffffff&#8221; border_width_top_image=&#8221;0px&#8221; locked=&#8221;off&#8221; global_colors_info=&#8221;{}&#8221;][\/et_pb_team_member][et_pb_divider _builder_version=&#8221;4.27.4&#8243; _module_preset=&#8221;default&#8221; global_colors_info=&#8221;{}&#8221;][\/et_pb_divider][\/et_pb_column][\/et_pb_row][et_pb_row _builder_version=&#8221;4.27.4&#8243; _module_preset=&#8221;default&#8221; global_colors_info=&#8221;{}&#8221;][et_pb_column type=&#8221;4_4&#8243; _builder_version=&#8221;4.27.4&#8243; _module_preset=&#8221;default&#8221; global_colors_info=&#8221;{}&#8221;][et_pb_team_member name=&#8221;Sebasti\u00e1n Adolfo de Cara&#8221; position=&#8221;Director&#8221; image_url=&#8221;https:\/\/sanjuaninnovase.com.ar\/wp-content\/uploads\/2025\/09\/sebastian.jpg&#8221; _builder_version=&#8221;4.27.4&#8243; _module_preset=&#8221;default&#8221; header_text_color=&#8221;#991b28&#8243; header_font_size=&#8221;31px&#8221; position_font_size=&#8221;27px&#8221; border_width_all_image=&#8221;36px&#8221; border_color_all_image=&#8221;#FFFFFF&#8221; border_width_top_image=&#8221;0px&#8221; border_width_top_image_tablet=&#8221;0px&#8221; border_width_top_image_phone=&#8221;0px&#8221; border_width_top_image_last_edited=&#8221;on|phone&#8221; locked=&#8221;off&#8221; global_colors_info=&#8221;{}&#8221;][\/et_pb_team_member][et_pb_divider _builder_version=&#8221;4.27.4&#8243; _module_preset=&#8221;default&#8221; global_colors_info=&#8221;{}&#8221;][\/et_pb_divider][\/et_pb_column][\/et_pb_row][\/et_pb_section]<\/p>\n","protected":false},"excerpt":{"rendered":"<p>InstitucionalLa EmpresaSAN JUAN INNOVA S.E. es la empresa provincial de tecnolog\u00eda y telecomunicaciones. Creada por ley 2269-A Se rige por la Ley Nacional N\u00b0 20705; Ley de Sociedades N\u00b0 19550 (t.o.1984) y sus modificatorias; por lo dispuesto en la ley provincial y en su Estatuto Social. Objeto: promover la conectividad, la inclusi\u00f3n digital de todos [&hellip;]<\/p>\n","protected":false},"author":1,"featured_media":0,"parent":0,"menu_order":0,"comment_status":"closed","ping_status":"closed","template":"","meta":{"_acf_changed":false,"_et_pb_use_builder":"on","_et_pb_old_content":"","_et_gb_content_width":"","footnotes":""},"class_list":["post-128","page","type-page","status-publish","hentry"],"acf":[],"yoast_head":"<!-- This site is optimized with the Yoast SEO plugin v22.4 - https:\/\/yoast.com\/wordpress\/plugins\/seo\/ -->\n<title>Institucional - SAN JUAN INNOVA<\/title>\n<meta name=\"robots\" content=\"index, follow, max-snippet:-1, max-image-preview:large, max-video-preview:-1\" \/>\n<link rel=\"canonical\" href=\"https:\/\/sanjuaninnovase.com.ar\/?page_id=128\" \/>\n<meta property=\"og:locale\" content=\"es_ES\" \/>\n<meta property=\"og:type\" content=\"article\" \/>\n<meta property=\"og:title\" content=\"Institucional - SAN JUAN INNOVA\" \/>\n<meta property=\"og:description\" content=\"InstitucionalLa EmpresaSAN JUAN INNOVA S.E. es la empresa provincial de tecnolog\u00eda y telecomunicaciones. Creada por ley 2269-A Se rige por la Ley Nacional N\u00b0 20705; Ley de Sociedades N\u00b0 19550 (t.o.1984) y sus modificatorias; por lo dispuesto en la ley provincial y en su Estatuto Social. Objeto: promover la conectividad, la inclusi\u00f3n digital de todos [&hellip;]\" \/>\n<meta property=\"og:url\" content=\"https:\/\/sanjuaninnovase.com.ar\/?page_id=128\" \/>\n<meta property=\"og:site_name\" content=\"SAN JUAN INNOVA\" \/>\n<meta property=\"article:modified_time\" content=\"2025-09-16T01:19:47+00:00\" \/>\n<meta name=\"twitter:card\" content=\"summary_large_image\" \/>\n<script type=\"application\/ld+json\" class=\"yoast-schema-graph\">{\"@context\":\"https:\/\/schema.org\",\"@graph\":[{\"@type\":\"WebPage\",\"@id\":\"https:\/\/sanjuaninnovase.com.ar\/?page_id=128\",\"url\":\"https:\/\/sanjuaninnovase.com.ar\/?page_id=128\",\"name\":\"Institucional - SAN JUAN INNOVA\",\"isPartOf\":{\"@id\":\"https:\/\/sanjuaninnovase.com.ar\/#website\"},\"datePublished\":\"2023-12-06T19:11:47+00:00\",\"dateModified\":\"2025-09-16T01:19:47+00:00\",\"breadcrumb\":{\"@id\":\"https:\/\/sanjuaninnovase.com.ar\/?page_id=128#breadcrumb\"},\"inLanguage\":\"es-AR\",\"potentialAction\":[{\"@type\":\"ReadAction\",\"target\":[\"https:\/\/sanjuaninnovase.com.ar\/?page_id=128\"]}]},{\"@type\":\"BreadcrumbList\",\"@id\":\"https:\/\/sanjuaninnovase.com.ar\/?page_id=128#breadcrumb\",\"itemListElement\":[{\"@type\":\"ListItem\",\"position\":1,\"name\":\"Inicio\",\"item\":\"https:\/\/sanjuaninnovase.com.ar\/\"},{\"@type\":\"ListItem\",\"position\":2,\"name\":\"Institucional\"}]},{\"@type\":\"WebSite\",\"@id\":\"https:\/\/sanjuaninnovase.com.ar\/#website\",\"url\":\"https:\/\/sanjuaninnovase.com.ar\/\",\"name\":\"SAN JUAN INNOVA - SOCIEDAD DEL ESTADO\",\"description\":\"Sociedad del Estado\",\"publisher\":{\"@id\":\"https:\/\/sanjuaninnovase.com.ar\/#organization\"},\"potentialAction\":[{\"@type\":\"SearchAction\",\"target\":{\"@type\":\"EntryPoint\",\"urlTemplate\":\"https:\/\/sanjuaninnovase.com.ar\/?s={search_term_string}\"},\"query-input\":\"required name=search_term_string\"}],\"inLanguage\":\"es-AR\"},{\"@type\":\"Organization\",\"@id\":\"https:\/\/sanjuaninnovase.com.ar\/#organization\",\"name\":\"SAN JUAN INNOVA - SOCIEDAD DEL ESTADO\",\"url\":\"https:\/\/sanjuaninnovase.com.ar\/\",\"logo\":{\"@type\":\"ImageObject\",\"inLanguage\":\"es-AR\",\"@id\":\"https:\/\/sanjuaninnovase.com.ar\/#\/schema\/logo\/image\/\",\"url\":\"https:\/\/sanjuaninnovase.com.ar\/wp-content\/uploads\/2023\/11\/Logo-San-Juan-INNOVA-color.png\",\"contentUrl\":\"https:\/\/sanjuaninnovase.com.ar\/wp-content\/uploads\/2023\/11\/Logo-San-Juan-INNOVA-color.png\",\"width\":499,\"height\":243,\"caption\":\"SAN JUAN INNOVA - SOCIEDAD DEL ESTADO\"},\"image\":{\"@id\":\"https:\/\/sanjuaninnovase.com.ar\/#\/schema\/logo\/image\/\"}}]}<\/script>\n<!-- \/ Yoast SEO plugin. -->","yoast_head_json":{"title":"Institucional - SAN JUAN INNOVA","robots":{"index":"index","follow":"follow","max-snippet":"max-snippet:-1","max-image-preview":"max-image-preview:large","max-video-preview":"max-video-preview:-1"},"canonical":"https:\/\/sanjuaninnovase.com.ar\/?page_id=128","og_locale":"es_ES","og_type":"article","og_title":"Institucional - SAN JUAN INNOVA","og_description":"InstitucionalLa EmpresaSAN JUAN INNOVA S.E. es la empresa provincial de tecnolog\u00eda y telecomunicaciones. Creada por ley 2269-A Se rige por la Ley Nacional N\u00b0 20705; Ley de Sociedades N\u00b0 19550 (t.o.1984) y sus modificatorias; por lo dispuesto en la ley provincial y en su Estatuto Social. Objeto: promover la conectividad, la inclusi\u00f3n digital de todos [&hellip;]","og_url":"https:\/\/sanjuaninnovase.com.ar\/?page_id=128","og_site_name":"SAN JUAN INNOVA","article_modified_time":"2025-09-16T01:19:47+00:00","twitter_card":"summary_large_image","schema":{"@context":"https:\/\/schema.org","@graph":[{"@type":"WebPage","@id":"https:\/\/sanjuaninnovase.com.ar\/?page_id=128","url":"https:\/\/sanjuaninnovase.com.ar\/?page_id=128","name":"Institucional - SAN JUAN INNOVA","isPartOf":{"@id":"https:\/\/sanjuaninnovase.com.ar\/#website"},"datePublished":"2023-12-06T19:11:47+00:00","dateModified":"2025-09-16T01:19:47+00:00","breadcrumb":{"@id":"https:\/\/sanjuaninnovase.com.ar\/?page_id=128#breadcrumb"},"inLanguage":"es-AR","potentialAction":[{"@type":"ReadAction","target":["https:\/\/sanjuaninnovase.com.ar\/?page_id=128"]}]},{"@type":"BreadcrumbList","@id":"https:\/\/sanjuaninnovase.com.ar\/?page_id=128#breadcrumb","itemListElement":[{"@type":"ListItem","position":1,"name":"Inicio","item":"https:\/\/sanjuaninnovase.com.ar\/"},{"@type":"ListItem","position":2,"name":"Institucional"}]},{"@type":"WebSite","@id":"https:\/\/sanjuaninnovase.com.ar\/#website","url":"https:\/\/sanjuaninnovase.com.ar\/","name":"SAN JUAN INNOVA - SOCIEDAD DEL ESTADO","description":"Sociedad del Estado","publisher":{"@id":"https:\/\/sanjuaninnovase.com.ar\/#organization"},"potentialAction":[{"@type":"SearchAction","target":{"@type":"EntryPoint","urlTemplate":"https:\/\/sanjuaninnovase.com.ar\/?s={search_term_string}"},"query-input":"required name=search_term_string"}],"inLanguage":"es-AR"},{"@type":"Organization","@id":"https:\/\/sanjuaninnovase.com.ar\/#organization","name":"SAN JUAN INNOVA - SOCIEDAD DEL ESTADO","url":"https:\/\/sanjuaninnovase.com.ar\/","logo":{"@type":"ImageObject","inLanguage":"es-AR","@id":"https:\/\/sanjuaninnovase.com.ar\/#\/schema\/logo\/image\/","url":"https:\/\/sanjuaninnovase.com.ar\/wp-content\/uploads\/2023\/11\/Logo-San-Juan-INNOVA-color.png","contentUrl":"https:\/\/sanjuaninnovase.com.ar\/wp-content\/uploads\/2023\/11\/Logo-San-Juan-INNOVA-color.png","width":499,"height":243,"caption":"SAN JUAN INNOVA - SOCIEDAD DEL ESTADO"},"image":{"@id":"https:\/\/sanjuaninnovase.com.ar\/#\/schema\/logo\/image\/"}}]}},"_links":{"self":[{"href":"https:\/\/sanjuaninnovase.com.ar\/index.php?rest_route=\/wp\/v2\/pages\/128","targetHints":{"allow":["GET"]}}],"collection":[{"href":"https:\/\/sanjuaninnovase.com.ar\/index.php?rest_route=\/wp\/v2\/pages"}],"about":[{"href":"https:\/\/sanjuaninnovase.com.ar\/index.php?rest_route=\/wp\/v2\/types\/page"}],"author":[{"embeddable":true,"href":"https:\/\/sanjuaninnovase.com.ar\/index.php?rest_route=\/wp\/v2\/users\/1"}],"replies":[{"embeddable":true,"href":"https:\/\/sanjuaninnovase.com.ar\/index.php?rest_route=%2Fwp%2Fv2%2Fcomments&post=128"}],"version-history":[{"count":8,"href":"https:\/\/sanjuaninnovase.com.ar\/index.php?rest_route=\/wp\/v2\/pages\/128\/revisions"}],"predecessor-version":[{"id":398,"href":"https:\/\/sanjuaninnovase.com.ar\/index.php?rest_route=\/wp\/v2\/pages\/128\/revisions\/398"}],"wp:attachment":[{"href":"https:\/\/sanjuaninnovase.com.ar\/index.php?rest_route=%2Fwp%2Fv2%2Fmedia&parent=128"}],"curies":[{"name":"wp","href":"https:\/\/api.w.org\/{rel}","templated":true}]}}